{"id":36,"date":"2025-09-08T15:31:30","date_gmt":"2025-09-08T15:31:30","guid":{"rendered":"https:\/\/inspiring-mendeleev.162-19-134-21.plesk.page\/?page_id=36"},"modified":"2025-12-18T13:56:07","modified_gmt":"2025-12-18T13:56:07","slug":"qualita","status":"publish","type":"page","link":"https:\/\/polisweb.it\/en\/qualita\/","title":{"rendered":"Quality"},"content":{"rendered":"<p>[et_pb_section fb_built=&#8221;1&#8243; custom_padding_last_edited=&#8221;on|phone&#8221; _builder_version=&#8221;4.27.4&#8243; _module_preset=&#8221;default&#8221; background_color=&#8221;RGBA(255,255,255,0)&#8221; custom_margin=&#8221;||||false|false&#8221; custom_padding=&#8221;18vh||||false|false&#8221; custom_padding_tablet=&#8221;18vh||||false|false&#8221; custom_padding_phone=&#8221;15vh||||false|false&#8221; global_colors_info=&#8221;{}&#8221;][et_pb_row column_structure=&#8221;2_3,1_3&#8243; _builder_version=&#8221;4.27.4&#8243; _module_preset=&#8221;default&#8221; global_colors_info=&#8221;{}&#8221;][et_pb_column type=&#8221;2_3&#8243; _builder_version=&#8221;4.27.4&#8243; _module_preset=&#8221;default&#8221; global_colors_info=&#8221;{}&#8221;][et_pb_text _builder_version=&#8221;4.27.4&#8243; _module_preset=&#8221;default&#8221; header_font=&#8221;|700|||||||&#8221; global_colors_info=&#8221;{}&#8221;]<\/p>\n<h1><span style=\"color: #0065b5;\">Corporate quality policy<\/span><\/h1>\n<p>[\/et_pb_text][et_pb_text _builder_version=&#8221;4.27.4&#8243; _module_preset=&#8221;default&#8221; text_text_color=&#8221;#0065B5&#8243; global_colors_info=&#8221;{}&#8221;]<\/p>\n<p>POLIS punta all\u2019espansione costante delle proprie attivit\u00e0 nel mercato mondiale, focalizzandosi sulla soddisfazione del cliente e cercando di superarne le sue stesse aspettative.<\/p>\n<p>POLIS promuove ogni azione diretta a far s\u00ec che i suoi prodotti e le sue lavorazioni non presentino rischi significativi per la salute e la sicurezza sul lavoro delle risorse umane e per l\u2019ambiente; si impegna a perseguire una politica di continuo miglioramento delle proprie prestazioni, garantendo condizioni di lavoro sicure e salubri, prevenendo gli infortuni e le malattie correlate al lavoro.<\/p>\n<p>To this end, POLIS srl undertakes to:<\/p>\n<ul>\n<li>identificare i pericoli derivanti dalle attivit\u00e0 svolte, eliminandoli e ove non possibile ridurre i rischi per le risorse impiegate e i rischi per l\u2019ambiente<\/li>\n<li>condurre la propria attivit\u00e0 secondo principi di legalit\u00e0, onest\u00e0, trasparenza, impegnandosi a contrastare ogni forma di corruzione e\/o concussione contraria ai propri principi etici<\/li>\n<li>mettere in atto metodologie, interventi e adeguamenti atti alla prevenzione degli infortuni, delle patologie professionali implementando ed aggiornando un sistema di gestione integrato per gli schemi 9001-14001-45001 che consenta di definire gli obiettivi e i piani per raggiungerli, attraverso un adeguato sistema di indicatori di processo e con l\u2019implementazione di programmi di miglioramento continuo<\/li>\n<li>favorire la consultazione e partecipazione delle risorse interne e di tutte le parti interessate<\/li>\n<li>salvaguardare le risorse naturali evitando lo spreco e monitorando la sostenibilit\u00e0 dei processi<\/li>\n<li>individuare gli aspetti ambientali delle proprie attivit\u00e0, prodotti e servizi e i loro impatti ambientali, considerando la prospettiva del ciclo di vita<\/li>\n<li>potenziare l\u2019attivit\u00e0 di formazione, informazione, addestramento, coinvolgendo tutte le risorse, rendendole consapevoli dell\u2019importanza di ogni loro azione per il raggiungimento della continua soddisfazione del cliente e della loro responsabilit\u00e0 in materia di sicurezza e ambiente<\/li>\n<li>mantenere aggiornate procedure di sorveglianza per il costante controllo della salute, dell\u2019incolumit\u00e0 del personale, degli aspetti ambientali significativi e prevedendo possibili impatti e azioni per fronteggiare eventuali emergenze<\/li>\n<li>sviluppare prodotti innovativi, programmi e obiettivi, mettendo a disposizione risorse umane preparate, in misura sufficiente e direttamente responsabili del proprio processo, oltrech\u00e9 risorse finanziarie adeguate<\/li>\n<li>garantire dignit\u00e0 e diritti dei lavoratori, nel rispetto principi di uguaglianza e trasparenza\u00a0<\/li>\n<li>soddisfare i requisiti legali applicabili e gli altri requisiti del sistema di gestione<\/li>\n<li>coinvolgere i lavoratori, sia direttamente sia tramite i loro Rappresentanti per la Sicurezza, nell\u2019applicazione dei principi fondamentali di Prevenzione e Protezione, affinch\u00e9 siano sensibilizzati a sentirsi partecipi nella gestione della salute e della sicurezza propria e delle altre persone presenti nei luoghi di lavoro<\/li>\n<li>riesaminare annualmente l\u2019efficacia dei processi aziendali, considerandone i rischi e le opportunit\u00e0, lo stato di attuazione del Sistema di Gestione Integrato QAS, degli obiettivi e dei programmi di miglioramento continuo.<\/li>\n<\/ul>\n<p>La Direzione Generale di POLIS si impegna ad attuare e a sostenere questa Politica, a divulgarla a tutte le persone che lavorano per l\u2019azienda o per conto di essa, a renderla disponibile al pubblico e alle parti interessate, a verificarne periodicamente il grado di comprensione e di attuazione e di adeguatezza attraverso gli strumenti previsti dal proprio Sistemi di Gestione.<\/p>\n<p>[\/et_pb_text][\/et_pb_column][et_pb_column type=&#8221;1_3&#8243; _builder_version=&#8221;4.27.4&#8243; _module_preset=&#8221;default&#8221; global_colors_info=&#8221;{}&#8221;][et_pb_button button_url=&#8221;@ET-DC@eyJkeW5hbWljIjp0cnVlLCJjb250ZW50IjoicG9zdF9saW5rX3VybF9hdHRhY2htZW50Iiwic2V0dGluZ3MiOnsicG9zdF9pZCI6Ijg0MCJ9fQ==@&#8221; button_text=&#8221;POLITICA DELLA QUALIT\u00c0&#8221; button_alignment=&#8221;center&#8221; _builder_version=&#8221;4.27.5&#8243; _dynamic_attributes=&#8221;button_url&#8221; _module_preset=&#8221;default&#8221; custom_button=&#8221;on&#8221; button_text_color=&#8221;#0065B5&#8243; button_icon=&#8221;&#xe092;||divi||400&#8243; button_icon_placement=&#8221;left&#8221; button_on_hover=&#8221;off&#8221; custom_css_free_form=&#8221;selector {||  width: 100%;||}&#8221; global_colors_info=&#8221;{}&#8221;][\/et_pb_button][et_pb_button button_url=&#8221;@ET-DC@eyJkeW5hbWljIjp0cnVlLCJjb250ZW50IjoicG9zdF9saW5rX3VybF9wYWdlIiwic2V0dGluZ3MiOnsicG9zdF9pZCI6Ijg4MiJ9fQ==@&#8221; button_text=&#8221;ISO 9001&#8243; button_alignment=&#8221;center&#8221; _builder_version=&#8221;4.27.5&#8243; _dynamic_attributes=&#8221;button_url&#8221; _module_preset=&#8221;default&#8221; custom_button=&#8221;on&#8221; button_text_color=&#8221;#0065B5&#8243; button_icon=&#8221;&#xe092;||divi||400&#8243; button_icon_placement=&#8221;left&#8221; button_on_hover=&#8221;off&#8221; custom_css_free_form=&#8221;selector {||  width: 100%;||}&#8221; global_colors_info=&#8221;{}&#8221;][\/et_pb_button][et_pb_button button_url=&#8221;@ET-DC@eyJkeW5hbWljIjp0cnVlLCJjb250ZW50IjoicG9zdF9saW5rX3VybF9hdHRhY2htZW50Iiwic2V0dGluZ3MiOnsicG9zdF9pZCI6IjQ2MyJ9fQ==@&#8221; button_text=&#8221;WRAS POLIS PTFE&#8221; button_alignment=&#8221;center&#8221; _builder_version=&#8221;4.27.4&#8243; _dynamic_attributes=&#8221;button_url&#8221; _module_preset=&#8221;default&#8221; custom_button=&#8221;on&#8221; button_text_color=&#8221;#0065B5&#8243; button_icon=&#8221;&#xe092;||divi||400&#8243; button_icon_placement=&#8221;left&#8221; button_on_hover=&#8221;off&#8221; custom_css_free_form=&#8221;selector {||  width: 100%;||}&#8221; global_colors_info=&#8221;{}&#8221;][\/et_pb_button][et_pb_button button_url=&#8221;@ET-DC@eyJkeW5hbWljIjp0cnVlLCJjb250ZW50IjoicG9zdF9saW5rX3VybF9wYWdlIiwic2V0dGluZ3MiOnsicG9zdF9pZCI6Ijg5NiJ9fQ==@&#8221; button_text=&#8221;ISO 45001&#8243; button_alignment=&#8221;center&#8221; _builder_version=&#8221;4.27.5&#8243; _module_preset=&#8221;default&#8221; custom_button=&#8221;on&#8221; button_text_color=&#8221;#0065B5&#8243; button_icon=&#8221;&#xe092;||divi||400&#8243; button_icon_placement=&#8221;left&#8221; button_on_hover=&#8221;off&#8221; hover_enabled=&#8221;0&#8243; custom_css_free_form=&#8221;selector {||  width: 100%;||}&#8221; global_colors_info=&#8221;{}&#8221; _dynamic_attributes=&#8221;button_url&#8221; sticky_enabled=&#8221;0&#8243;][\/et_pb_button][\/et_pb_column][\/et_pb_row][\/et_pb_section][et_pb_section fb_built=&#8221;1&#8243; _builder_version=&#8221;4.27.4&#8243; _module_preset=&#8221;default&#8221; background_color=&#8221;#0065B5&#8243; locked=&#8221;off&#8221; global_colors_info=&#8221;{}&#8221;][et_pb_row _builder_version=&#8221;4.27.4&#8243; _module_preset=&#8221;default&#8221; max_width=&#8221;2560px&#8221; custom_padding=&#8221;||27px|||&#8221; global_colors_info=&#8221;{}&#8221;][et_pb_column type=&#8221;4_4&#8243; _builder_version=&#8221;4.27.4&#8243; _module_preset=&#8221;default&#8221; global_colors_info=&#8221;{}&#8221;][et_pb_text _builder_version=&#8221;4.27.4&#8243; _module_preset=&#8221;default&#8221; text_text_color=&#8221;#FFFFFF&#8221; custom_margin=&#8221;||||false|false&#8221; custom_padding=&#8221;||||false|false&#8221; global_colors_info=&#8221;{}&#8221;]<\/p>\n<p style=\"text-align: center;\">Quality is not a case, it is always the result of a smart collective effort where everyone's experiences must be made available to all.<\/p>\n<p>[\/et_pb_text][\/et_pb_column][\/et_pb_row][\/et_pb_section]<\/p>","protected":false},"excerpt":{"rendered":"<p>Politica della qualit\u00e0 aziendalePOLIS punta all\u2019espansione costante delle proprie attivit\u00e0 nel mercato mondiale, focalizzandosi sulla soddisfazione del cliente e cercando di superarne le sue stesse aspettative. POLIS promuove ogni azione diretta a far s\u00ec che i suoi prodotti e le sue lavorazioni non presentino rischi significativi per la salute e la sicurezza sul lavoro delle [&hellip;]<\/p>","protected":false},"author":1,"featured_media":0,"parent":0,"menu_order":0,"comment_status":"closed","ping_status":"closed","template":"","meta":{"_et_pb_use_builder":"on","_et_pb_old_content":"<!-- wp:divi\/placeholder \/-->","_et_gb_content_width":"","footnotes":""},"class_list":["post-36","page","type-page","status-publish","hentry"],"_links":{"self":[{"href":"https:\/\/polisweb.it\/en\/wp-json\/wp\/v2\/pages\/36","targetHints":{"allow":["GET"]}}],"collection":[{"href":"https:\/\/polisweb.it\/en\/wp-json\/wp\/v2\/pages"}],"about":[{"href":"https:\/\/polisweb.it\/en\/wp-json\/wp\/v2\/types\/page"}],"author":[{"embeddable":true,"href":"https:\/\/polisweb.it\/en\/wp-json\/wp\/v2\/users\/1"}],"replies":[{"embeddable":true,"href":"https:\/\/polisweb.it\/en\/wp-json\/wp\/v2\/comments?post=36"}],"version-history":[{"count":49,"href":"https:\/\/polisweb.it\/en\/wp-json\/wp\/v2\/pages\/36\/revisions"}],"predecessor-version":[{"id":901,"href":"https:\/\/polisweb.it\/en\/wp-json\/wp\/v2\/pages\/36\/revisions\/901"}],"wp:attachment":[{"href":"https:\/\/polisweb.it\/en\/wp-json\/wp\/v2\/media?parent=36"}],"curies":[{"name":"wp","href":"https:\/\/api.w.org\/{rel}","templated":true}]}}