{"id":34,"date":"2025-09-08T15:31:18","date_gmt":"2025-09-08T15:31:18","guid":{"rendered":"https:\/\/inspiring-mendeleev.162-19-134-21.plesk.page\/?page_id=34"},"modified":"2025-10-23T09:49:43","modified_gmt":"2025-10-23T09:49:43","slug":"micropowders-lubeflon","status":"publish","type":"page","link":"https:\/\/polisweb.it\/en\/micropowders-lubeflon\/","title":{"rendered":"Micropowders lubeflon"},"content":{"rendered":"<p>[et_pb_section fb_built=&#8221;1&#8243; _builder_version=&#8221;4.27.4&#8243; _module_preset=&#8221;default&#8221; background_color=&#8221;RGBA(255,255,255,0)&#8221; custom_margin=&#8221;||||false|false&#8221; custom_padding=&#8221;15vh||||false|false&#8221; global_colors_info=&#8221;{}&#8221;][et_pb_row column_structure=&#8221;1_3,2_3&#8243; _builder_version=&#8221;4.27.4&#8243; _module_preset=&#8221;default&#8221; max_width=&#8221;2560px&#8221; hover_enabled=&#8221;0&#8243; global_colors_info=&#8221;{}&#8221; sticky_enabled=&#8221;0&#8243;][et_pb_column type=&#8221;1_3&#8243; _builder_version=&#8221;4.27.4&#8243; _module_preset=&#8221;default&#8221; global_colors_info=&#8221;{}&#8221;][et_pb_image src=&#8221;https:\/\/polisweb.it\/wp-content\/uploads\/2025\/10\/micro.jpg&#8221; title_text=&#8221;micro&#8221; _builder_version=&#8221;4.27.4&#8243; _module_preset=&#8221;default&#8221; border_radii=&#8221;on|10px|10px|10px|10px&#8221; global_colors_info=&#8221;{}&#8221;][\/et_pb_image][\/et_pb_column][et_pb_column type=&#8221;2_3&#8243; _builder_version=&#8221;4.27.4&#8243; _module_preset=&#8221;default&#8221; global_colors_info=&#8221;{}&#8221;][et_pb_text _builder_version=&#8221;4.27.4&#8243; _module_preset=&#8221;default&#8221; header_text_color=&#8221;#0065B5&#8243; global_colors_info=&#8221;{}&#8221;]<\/p>\n<h1 class=\"margin-bottom-50\">Micropowders Lubeflon<\/h1>\n<p>[\/et_pb_text][et_pb_text _builder_version=&#8221;4.27.4&#8243; _module_preset=&#8221;default&#8221; text_text_color=&#8221;#0065B5&#8243; global_colors_info=&#8221;{}&#8221;]<\/p>\n<p>PTFE can be used as an additive in polymers, rubbers, oils and paints to modify their surface properties, wear and abrasion resistance, friction coefficient, or to adjust their viscosity. For these applications, LUBEFLON micro powders are suitable: they are made by PTFE with a molecular weight up to 2 orders of magnitude lower than molding standard PTFE and with a low size to be easily dispersed in the matrix.<\/p>\n<p>POLIS produce micropolveri di PTFE a partire da PTFE vergini. Esegue e controlla tutte le fasi che conducono al prodotto finale:<\/p>\n<ul>\n<li>Fine powders choice (FP product line)<\/li>\n<li>PTFE suspension choice (product line F)<\/li>\n<li>Method of reducing the molecular weight<\/li>\n<li>Particle size distribution of the final product<\/li>\n<\/ul>\n<p>All these variables have a role in defining the main characteristics of LUBEFLON micro powders: Particle size distribution (PSD), particles hardness and friability, Dispersibility, Specific surface area (SSA), Thermal stability, Molecular weight (melting point and MFI), Acidity.<\/p>\n<p>Tutte le micropolveri prodotte da POLIS hanno il contenuto di PFOA conforme alle direttive Europee Reach e POP (Persistant Organic Pollutants), ovvero un livello massimo di PFOA residuo inferiore a 25 ppb.<\/p>\n<p>Versions compliant to EU 10\/2011 and FDA 21 CFR 177.1550 directives on food contact are also available.<\/p>\n<p>[\/et_pb_text][\/et_pb_column][\/et_pb_row][\/et_pb_section][et_pb_section fb_built=&#8221;1&#8243; _builder_version=&#8221;4.27.4&#8243; _module_preset=&#8221;default&#8221; background_color=&#8221;#F0F3F5&#8243; locked=&#8221;off&#8221; global_colors_info=&#8221;{}&#8221;][et_pb_row _builder_version=&#8221;4.27.4&#8243; _module_preset=&#8221;default&#8221; global_colors_info=&#8221;{}&#8221;][et_pb_column type=&#8221;4_4&#8243; _builder_version=&#8221;4.27.4&#8243; _module_preset=&#8221;default&#8221; global_colors_info=&#8221;{}&#8221;][et_pb_image src=&#8221;https:\/\/polisweb.it\/wp-content\/uploads\/2025\/10\/micropowders.png&#8221; title_text=&#8221;micropowders&#8221; align=&#8221;center&#8221; _builder_version=&#8221;4.27.4&#8243; _module_preset=&#8221;default&#8221; global_colors_info=&#8221;{}&#8221;][\/et_pb_image][\/et_pb_column][\/et_pb_row][\/et_pb_section][et_pb_section fb_built=&#8221;1&#8243; _builder_version=&#8221;4.27.4&#8243; _module_preset=&#8221;default&#8221; background_color=&#8221;#0065B5&#8243; locked=&#8221;off&#8221; global_colors_info=&#8221;{}&#8221;][et_pb_row _builder_version=&#8221;4.27.4&#8243; _module_preset=&#8221;default&#8221; width=&#8221;100%&#8221; max_width=&#8221;2560px&#8221; global_colors_info=&#8221;{}&#8221;][et_pb_column type=&#8221;4_4&#8243; _builder_version=&#8221;4.27.4&#8243; _module_preset=&#8221;default&#8221; global_colors_info=&#8221;{}&#8221;][et_pb_image src=&#8221;https:\/\/polisweb.it\/wp-content\/uploads\/2025\/09\/Immagine-2025-09-15-155707.jpg&#8221; title_text=&#8221;Immagine 2025-09-15 155707&#8243; align=&#8221;center&#8221; _builder_version=&#8221;4.27.4&#8243; _module_preset=&#8221;default&#8221; width=&#8221;100%&#8221; global_colors_info=&#8221;{}&#8221;][\/et_pb_image][\/et_pb_column][\/et_pb_row][\/et_pb_section]<\/p>","protected":false},"excerpt":{"rendered":"<p>Micropowders LubeflonIl PTFE pu\u00f2 essere utilizzato come additivo in polimeri, gomme, oli e vernici per modificarne principalmente le propriet\u00e0 di superficie, la resistenza all&#8217;usura e all&#8217;abrasione, il coefficiente di attrito o regolarne la viscosit\u00e0. Per queste applicazioni si utilizzano le micropolveri LUBEFLON, le quali sono costituite da PTFE con peso molecolare fino a 2 ordini [&hellip;]<\/p>","protected":false},"author":1,"featured_media":0,"parent":0,"menu_order":0,"comment_status":"closed","ping_status":"closed","template":"","meta":{"_et_pb_use_builder":"on","_et_pb_old_content":"<!-- wp:divi\/placeholder \/-->","_et_gb_content_width":"","footnotes":""},"class_list":["post-34","page","type-page","status-publish","hentry"],"_links":{"self":[{"href":"https:\/\/polisweb.it\/en\/wp-json\/wp\/v2\/pages\/34","targetHints":{"allow":["GET"]}}],"collection":[{"href":"https:\/\/polisweb.it\/en\/wp-json\/wp\/v2\/pages"}],"about":[{"href":"https:\/\/polisweb.it\/en\/wp-json\/wp\/v2\/types\/page"}],"author":[{"embeddable":true,"href":"https:\/\/polisweb.it\/en\/wp-json\/wp\/v2\/users\/1"}],"replies":[{"embeddable":true,"href":"https:\/\/polisweb.it\/en\/wp-json\/wp\/v2\/comments?post=34"}],"version-history":[{"count":6,"href":"https:\/\/polisweb.it\/en\/wp-json\/wp\/v2\/pages\/34\/revisions"}],"predecessor-version":[{"id":800,"href":"https:\/\/polisweb.it\/en\/wp-json\/wp\/v2\/pages\/34\/revisions\/800"}],"wp:attachment":[{"href":"https:\/\/polisweb.it\/en\/wp-json\/wp\/v2\/media?parent=34"}],"curies":[{"name":"wp","href":"https:\/\/api.w.org\/{rel}","templated":true}]}}